{"id":717,"date":"2025-01-12T21:00:20","date_gmt":"2025-01-12T21:00:20","guid":{"rendered":"https:\/\/tenszo.com\/?page_id=7"},"modified":"2025-02-18T20:59:37","modified_gmt":"2025-02-18T20:59:37","slug":"sobre-nosotros","status":"publish","type":"page","link":"https:\/\/tenszo.com\/es\/sobre-nosotros\/","title":{"rendered":"Sobre Nosotros"},"content":{"rendered":"\t\t<div data-elementor-type=\"wp-post\" data-elementor-id=\"717\" class=\"elementor elementor-717\" data-elementor-post-type=\"page\">\n\t\t\t\t<div class=\"elementor-element elementor-element-1d95843 e-flex e-con-boxed e-con e-parent\" data-id=\"1d95843\" data-element_type=\"container\" data-settings=\"{&quot;background_background&quot;:&quot;classic&quot;}\">\n\t\t\t\t\t<div class=\"e-con-inner\">\n\t\t\t\t<div class=\"elementor-element elementor-element-766e059 animated-slow elementor-invisible elementor-widget elementor-widget-heading\" data-id=\"766e059\" data-element_type=\"widget\" data-settings=\"{&quot;_animation&quot;:&quot;slideInUp&quot;}\" data-widget_type=\"heading.default\">\n\t\t\t\t<div class=\"elementor-widget-container\">\n\t\t\t\t\t<h2 class=\"elementor-heading-title elementor-size-default\">Sobre nosotros<\/h2>\t\t\t\t<\/div>\n\t\t\t\t<\/div>\n\t\t\t\t<div class=\"elementor-element elementor-element-1f685ee animated-slow elementor-invisible elementor-widget elementor-widget-heading\" data-id=\"1f685ee\" data-element_type=\"widget\" data-settings=\"{&quot;_animation&quot;:&quot;slideInUp&quot;}\" data-widget_type=\"heading.default\">\n\t\t\t\t<div class=\"elementor-widget-container\">\n\t\t\t\t\t<h2 class=\"elementor-heading-title elementor-size-default\">La misi\u00f3n de Tenszo es ayudar a las personas a vivir la vida al m\u00e1ximo encontrando lo mejor de todo<\/h2>\t\t\t\t<\/div>\n\t\t\t\t<\/div>\n\t\t\t\t\t<\/div>\n\t\t\t\t<\/div>\n\t\t<div class=\"elementor-element elementor-element-637b0869 e-con-full e-flex e-con e-parent\" data-id=\"637b0869\" data-element_type=\"container\" data-settings=\"{&quot;background_background&quot;:&quot;gradient&quot;}\">\n\t\t<div class=\"elementor-element elementor-element-1088ff3 e-con-full e-flex e-con e-child\" data-id=\"1088ff3\" data-element_type=\"container\">\n\t\t\t\t<div class=\"elementor-element elementor-element-21234d95 elementor-widget-divider--view-line elementor-invisible elementor-widget elementor-widget-divider\" data-id=\"21234d95\" data-element_type=\"widget\" data-settings=\"{&quot;_animation&quot;:&quot;fadeInLeft&quot;}\" data-widget_type=\"divider.default\">\n\t\t\t\t<div class=\"elementor-widget-container\">\n\t\t\t\t\t\t\t<div class=\"elementor-divider\">\n\t\t\t<span class=\"elementor-divider-separator\">\n\t\t\t\t\t\t<\/span>\n\t\t<\/div>\n\t\t\t\t\t\t<\/div>\n\t\t\t\t<\/div>\n\t\t\t\t<div class=\"elementor-element elementor-element-5523b372 elementor-widget elementor-widget-heading\" data-id=\"5523b372\" data-element_type=\"widget\" data-widget_type=\"heading.default\">\n\t\t\t\t<div class=\"elementor-widget-container\">\n\t\t\t\t\t<h2 class=\"elementor-heading-title elementor-size-default\">Hay tanto que disfrutar en la vida.<\/h2>\t\t\t\t<\/div>\n\t\t\t\t<\/div>\n\t\t\t\t<div class=\"elementor-element elementor-element-7c49f735 elementor-widget__width-inherit elementor-invisible elementor-widget elementor-widget-image\" data-id=\"7c49f735\" data-element_type=\"widget\" data-settings=\"{&quot;_animation&quot;:&quot;fadeIn&quot;}\" data-widget_type=\"image.default\">\n\t\t\t\t<div class=\"elementor-widget-container\">\n\t\t\t\t\t\t\t\t\t\t\t\t\t\t\t<img decoding=\"async\" src=\"https:\/\/tenszo.com\/wp-content\/uploads\/2025\/01\/21.jpg\" title=\"\" alt=\"\" loading=\"lazy\" \/>\t\t\t\t\t\t\t\t\t\t\t\t\t\t\t<\/div>\n\t\t\t\t<\/div>\n\t\t\t\t<\/div>\n\t\t<div class=\"elementor-element elementor-element-61293216 e-con-full e-flex e-con e-child\" data-id=\"61293216\" data-element_type=\"container\">\n\t\t\t\t<div class=\"elementor-element elementor-element-7abe08a2 elementor-widget__width-initial elementor-invisible elementor-widget elementor-widget-image\" data-id=\"7abe08a2\" data-element_type=\"widget\" data-settings=\"{&quot;_animation&quot;:&quot;fadeInDown&quot;,&quot;_animation_tablet&quot;:&quot;fadeInLeft&quot;}\" data-widget_type=\"image.default\">\n\t\t\t\t<div class=\"elementor-widget-container\">\n\t\t\t\t\t\t\t\t\t\t\t\t\t\t\t<img decoding=\"async\" src=\"https:\/\/tenszo.com\/wp-content\/uploads\/2025\/01\/25.jpg\" title=\"\" alt=\"\" loading=\"lazy\" \/>\t\t\t\t\t\t\t\t\t\t\t\t\t\t\t<\/div>\n\t\t\t\t<\/div>\n\t\t\t\t<div class=\"elementor-element elementor-element-2bafb40a elementor-widget__width-initial elementor-invisible elementor-widget elementor-widget-image\" data-id=\"2bafb40a\" data-element_type=\"widget\" data-settings=\"{&quot;_animation&quot;:&quot;fadeInDown&quot;,&quot;_animation_tablet&quot;:&quot;fadeInRight&quot;,&quot;_animation_delay&quot;:&quot;200&quot;}\" data-widget_type=\"image.default\">\n\t\t\t\t<div class=\"elementor-widget-container\">\n\t\t\t\t\t\t\t\t\t\t\t\t\t\t\t<img decoding=\"async\" src=\"https:\/\/tenszo.com\/wp-content\/uploads\/2025\/01\/22.jpg\" title=\"\" alt=\"\" loading=\"lazy\" \/>\t\t\t\t\t\t\t\t\t\t\t\t\t\t\t<\/div>\n\t\t\t\t<\/div>\n\t\t\t\t<div class=\"elementor-element elementor-element-6872292b elementor-invisible elementor-widget elementor-widget-text-editor\" data-id=\"6872292b\" data-element_type=\"widget\" data-settings=\"{&quot;_animation&quot;:&quot;fadeInUp&quot;}\" data-widget_type=\"text-editor.default\">\n\t\t\t\t<div class=\"elementor-widget-container\">\n\t\t\t\t\t\t\t\t\tComparte tus diez mejores con el mundo, encuentra nuevas aventuras cerca de ti y comprueba cu\u00e1nto tienes en com\u00fan con otra persona. Celebra tus alegr\u00edas con todo el mundo, todos los d\u00edas.\t\t\t\t\t\t\t\t<\/div>\n\t\t\t\t<\/div>\n\t\t\t\t<\/div>\n\t\t\t\t<\/div>\n\t\t<div class=\"elementor-element elementor-element-3c03015c e-con-full e-flex e-con e-parent\" data-id=\"3c03015c\" data-element_type=\"container\" data-settings=\"{&quot;background_background&quot;:&quot;classic&quot;}\">\n\t\t<div class=\"elementor-element elementor-element-79dc63e4 e-con-full e-flex e-con e-child\" data-id=\"79dc63e4\" data-element_type=\"container\">\n\t\t\t\t<div class=\"elementor-element elementor-element-38f47b3b elementor-widget__width-inherit elementor-widget-divider--view-line elementor-invisible elementor-widget elementor-widget-divider\" data-id=\"38f47b3b\" data-element_type=\"widget\" data-settings=\"{&quot;_animation&quot;:&quot;fadeInLeft&quot;}\" data-widget_type=\"divider.default\">\n\t\t\t\t<div class=\"elementor-widget-container\">\n\t\t\t\t\t\t\t<div class=\"elementor-divider\">\n\t\t\t<span class=\"elementor-divider-separator\">\n\t\t\t\t\t\t<\/span>\n\t\t<\/div>\n\t\t\t\t\t\t<\/div>\n\t\t\t\t<\/div>\n\t\t\t\t<div class=\"elementor-element elementor-element-2518e429 elementor-widget__width-initial elementor-widget-tablet__width-inherit elementor-widget elementor-widget-heading\" data-id=\"2518e429\" data-element_type=\"widget\" data-widget_type=\"heading.default\">\n\t\t\t\t<div class=\"elementor-widget-container\">\n\t\t\t\t\t<h2 class=\"elementor-heading-title elementor-size-default\">Su gu\u00eda personalizada para descubrir lo mejor en cada categor\u00eda.<\/h2>\t\t\t\t<\/div>\n\t\t\t\t<\/div>\n\t\t\t\t<div class=\"elementor-element elementor-element-17d7af7d elementor-widget__width-initial elementor-widget-tablet__width-inherit elementor-widget elementor-widget-text-editor\" data-id=\"17d7af7d\" data-element_type=\"widget\" data-widget_type=\"text-editor.default\">\n\t\t\t\t<div class=\"elementor-widget-container\">\n\t\t\t\t\t\t\t\t\t<p>Los usuarios crean clasificaciones de los diez primeros puestos de sus intereses y experiencias, que dan lugar a un consenso comunitario sobre los mejores lugares, entretenimientos, aficiones y mucho m\u00e1s.<\/p>\t\t\t\t\t\t\t\t<\/div>\n\t\t\t\t<\/div>\n\t\t\t\t<div class=\"elementor-element elementor-element-4051fdd elementor-widget elementor-widget-image\" data-id=\"4051fdd\" data-element_type=\"widget\" data-widget_type=\"image.default\">\n\t\t\t\t<div class=\"elementor-widget-container\">\n\t\t\t\t\t\t\t\t\t\t\t\t\t\t\t<img fetchpriority=\"high\" decoding=\"async\" width=\"800\" height=\"534\" src=\"https:\/\/tenszo.com\/es\/wp-content\/uploads\/sites\/2\/2025\/02\/134733-1024x683.jpg\" class=\"attachment-large size-large wp-image-1740\" alt=\"\" srcset=\"https:\/\/tenszo.com\/es\/wp-content\/uploads\/sites\/2\/2025\/02\/134733-1024x683.jpg 1024w, https:\/\/tenszo.com\/es\/wp-content\/uploads\/sites\/2\/2025\/02\/134733-300x200.jpg 300w, https:\/\/tenszo.com\/es\/wp-content\/uploads\/sites\/2\/2025\/02\/134733-768x512.jpg 768w, https:\/\/tenszo.com\/es\/wp-content\/uploads\/sites\/2\/2025\/02\/134733.jpg 1500w\" sizes=\"(max-width: 800px) 100vw, 800px\" \/>\t\t\t\t\t\t\t\t\t\t\t\t\t\t\t<\/div>\n\t\t\t\t<\/div>\n\t\t\t\t<\/div>\n\t\t\t\t<\/div>\n\t\t<div class=\"elementor-element elementor-element-0883bbb e-flex e-con-boxed e-con e-parent\" data-id=\"0883bbb\" data-element_type=\"container\" data-settings=\"{&quot;background_background&quot;:&quot;gradient&quot;}\">\n\t\t\t\t\t<div class=\"e-con-inner\">\n\t\t<div class=\"elementor-element elementor-element-4639b08 e-con-full e-flex e-con e-child\" data-id=\"4639b08\" data-element_type=\"container\">\n\t\t<div class=\"elementor-element elementor-element-0305f69 e-con-full e-flex e-con e-child\" data-id=\"0305f69\" data-element_type=\"container\">\n\t\t\t\t<div class=\"elementor-element elementor-element-64bf524 elementor-widget elementor-widget-heading\" data-id=\"64bf524\" data-element_type=\"widget\" data-widget_type=\"heading.default\">\n\t\t\t\t<div class=\"elementor-widget-container\">\n\t\t\t\t\t<h2 class=\"elementor-heading-title elementor-size-default\">Conocer al equipo\n<\/h2>\t\t\t\t<\/div>\n\t\t\t\t<\/div>\n\t\t\t\t<\/div>\n\t\t\t\t<\/div>\n\t\t<div class=\"elementor-element elementor-element-f9b3153 e-con-full e-flex e-con e-child\" data-id=\"f9b3153\" data-element_type=\"container\">\n\t\t\t\t<div class=\"elementor-element elementor-element-b766ae5 elementor-cta--valign-middle elementor-widget__width-inherit elementor-widget-tablet__width-initial elementor-widget-mobile__width-inherit elementor-cta--skin-classic elementor-animated-content elementor-widget elementor-widget-call-to-action\" data-id=\"b766ae5\" data-element_type=\"widget\" data-widget_type=\"call-to-action.default\">\n\t\t\t\t<div class=\"elementor-widget-container\">\n\t\t\t\t\t\t\t<div class=\"elementor-cta\">\n\t\t\t\t\t<div class=\"elementor-cta__bg-wrapper\">\n\t\t\t\t<div class=\"elementor-cta__bg elementor-bg\" style=\"background-image: url(https:\/\/tenszo.com\/es\/wp-content\/uploads\/sites\/2\/2025\/01\/Photo.png);\" role=\"img\" aria-label=\"Photo.png\"><\/div>\n\t\t\t\t<div class=\"elementor-cta__bg-overlay\"><\/div>\n\t\t\t<\/div>\n\t\t\t\t\t\t\t<div class=\"elementor-cta__content\">\n\t\t\t\t\n\t\t\t\t\t\t\t\t\t<h2 class=\"elementor-cta__title elementor-cta__content-item elementor-content-item\">\n\t\t\t\t\t\tStephen Boylan\t\t\t\t\t<\/h2>\n\t\t\t\t\n\t\t\t\t\t\t\t\t\t<div class=\"elementor-cta__description elementor-cta__content-item elementor-content-item\">\n\t\t\t\t\t\tCofundador \/ Consejero Delegado\n<br>\n<a href=\"mailto:st***@****zo.com\" data-original-string=\"ArFUVcB9C8oNMu\/zRldhqw==2a2\/QNrmB28QBbKrV\/2N5qaVa5ggiTvf0OMXxCGnXH0aUg=\" title=\"Este contacto ha sido codificado por Anti-Spam by CleanTalk. Haz clic para decodificar. Para finalizar la decodificaci\u00f3n, aseg\u00farate de que JavaScript est\u00e1 activado en tu navegador.\" style=\"color:#006994;\"><span \n                data-original-string=\"fFtxpPkANY5\/1yGvup9FMw==2a23B4YPpZbokotMZFsJtQegvfxVBmdsZ7hdRObwbdTP7k=\"\n                class=\"apbct-email-encoder\"\n                title=\"Este contacto ha sido codificado por Anti-Spam by CleanTalk. Haz clic para decodificar. Para finalizar la decodificaci\u00f3n, aseg\u00farate de que JavaScript est\u00e1 activado en tu navegador.\">st<span class=\"apbct-blur\">***<\/span>@<span class=\"apbct-blur\">****<\/span>zo.com<\/span><\/a>\n\n\t\t\t\t\t<\/div>\n\t\t\t\t\n\t\t\t\t\t\t\t<\/div>\n\t\t\t\t\t\t<\/div>\n\t\t\t\t\t\t<\/div>\n\t\t\t\t<\/div>\n\t\t\t\t<div class=\"elementor-element elementor-element-9f5ae7a elementor-cta--valign-middle elementor-widget__width-inherit elementor-widget-tablet__width-initial elementor-widget-mobile__width-inherit elementor-cta--skin-classic elementor-animated-content elementor-widget elementor-widget-call-to-action\" data-id=\"9f5ae7a\" data-element_type=\"widget\" data-widget_type=\"call-to-action.default\">\n\t\t\t\t<div class=\"elementor-widget-container\">\n\t\t\t\t\t\t\t<div class=\"elementor-cta\">\n\t\t\t\t\t<div class=\"elementor-cta__bg-wrapper\">\n\t\t\t\t<div class=\"elementor-cta__bg elementor-bg\" style=\"background-image: url(https:\/\/tenszo.com\/es\/wp-content\/uploads\/sites\/2\/2025\/01\/Photo-1.png);\" role=\"img\" aria-label=\"Photo.png\"><\/div>\n\t\t\t\t<div class=\"elementor-cta__bg-overlay\"><\/div>\n\t\t\t<\/div>\n\t\t\t\t\t\t\t<div class=\"elementor-cta__content\">\n\t\t\t\t\n\t\t\t\t\t\t\t\t\t<h2 class=\"elementor-cta__title elementor-cta__content-item elementor-content-item\">\n\t\t\t\t\t\tSnawing Alvarado\t\t\t\t\t<\/h2>\n\t\t\t\t\n\t\t\t\t\t\t\t\t\t<div class=\"elementor-cta__description elementor-cta__content-item elementor-content-item\">\n\t\t\t\t\t\tCofundador \/ Director de Operaciones\n\n<a href=\"mailto:sn*****@****zo.com\" data-original-string=\"i0ZCxTf2xM2CS7argkzFYA==2a2\/W2yxblvH4abS4rr6iJ8QwoNU8GIu65JJksLypiuNhI=\" title=\"Este contacto ha sido codificado por Anti-Spam by CleanTalk. Haz clic para decodificar. Para finalizar la decodificaci\u00f3n, aseg\u00farate de que JavaScript est\u00e1 activado en tu navegador.\" style=\"color:#006994;\"><span \n                data-original-string=\"NwTP499R2ORB0kieGHILTA==2a25nsFQrVwquURgiMez+oSgaNJk7tzPBA+gmDngaGyEco=\"\n                class=\"apbct-email-encoder\"\n                title=\"Este contacto ha sido codificado por Anti-Spam by CleanTalk. Haz clic para decodificar. Para finalizar la decodificaci\u00f3n, aseg\u00farate de que JavaScript est\u00e1 activado en tu navegador.\">sn<span class=\"apbct-blur\">*****<\/span>@<span class=\"apbct-blur\">****<\/span>zo.com<\/span><\/a>\n\t\t\t\t\t<\/div>\n\t\t\t\t\n\t\t\t\t\t\t\t<\/div>\n\t\t\t\t\t\t<\/div>\n\t\t\t\t\t\t<\/div>\n\t\t\t\t<\/div>\n\t\t\t\t<div class=\"elementor-element elementor-element-7cdb2ea elementor-cta--valign-middle elementor-widget__width-inherit elementor-widget-tablet__width-initial elementor-widget-mobile__width-inherit elementor-cta--skin-classic elementor-animated-content elementor-widget elementor-widget-call-to-action\" data-id=\"7cdb2ea\" data-element_type=\"widget\" data-widget_type=\"call-to-action.default\">\n\t\t\t\t<div class=\"elementor-widget-container\">\n\t\t\t\t\t\t\t<div class=\"elementor-cta\">\n\t\t\t\t\t<div class=\"elementor-cta__bg-wrapper\">\n\t\t\t\t<div class=\"elementor-cta__bg elementor-bg\" style=\"background-image: url(https:\/\/tenszo.com\/es\/wp-content\/uploads\/sites\/2\/2025\/01\/Photo-2.png);\" role=\"img\" aria-label=\"Photo.png\"><\/div>\n\t\t\t\t<div class=\"elementor-cta__bg-overlay\"><\/div>\n\t\t\t<\/div>\n\t\t\t\t\t\t\t<div class=\"elementor-cta__content\">\n\t\t\t\t\n\t\t\t\t\t\t\t\t\t<h2 class=\"elementor-cta__title elementor-cta__content-item elementor-content-item\">\n\t\t\t\t\t\tThomas Falantano\t\t\t\t\t<\/h2>\n\t\t\t\t\n\t\t\t\t\t\t\t\t\t<div class=\"elementor-cta__description elementor-cta__content-item elementor-content-item\">\n\t\t\t\t\t\tCofundador \/ Director Financiero\n<br>\n<a href=\"mailto:to*@****zo.com\" data-original-string=\"rt7f45wS8ULl5So7rwYgcQ==2a2Brt6Bqf2Gq9Q5mMrHNMDfg==\" title=\"Este contacto ha sido codificado por Anti-Spam by CleanTalk. Haz clic para decodificar. Para finalizar la decodificaci\u00f3n, aseg\u00farate de que JavaScript est\u00e1 activado en tu navegador.\" style=\"color:#006994;\"><span \n                data-original-string=\"ZrZXgpptutP2T7QG39ta\/Q==2a2A62BhkMLe7Z6ryafAapf3g==\"\n                class=\"apbct-email-encoder\"\n                title=\"Este contacto ha sido codificado por Anti-Spam by CleanTalk. Haz clic para decodificar. Para finalizar la decodificaci\u00f3n, aseg\u00farate de que JavaScript est\u00e1 activado en tu navegador.\">to<span class=\"apbct-blur\">*<\/span>@<span class=\"apbct-blur\">****<\/span>zo.com<\/span><\/a>\n\t\t\t\t\t<\/div>\n\t\t\t\t\n\t\t\t\t\t\t\t<\/div>\n\t\t\t\t\t\t<\/div>\n\t\t\t\t\t\t<\/div>\n\t\t\t\t<\/div>\n\t\t\t\t<div class=\"elementor-element elementor-element-b14f20a elementor-cta--valign-middle elementor-widget__width-inherit elementor-widget-tablet__width-initial elementor-widget-mobile__width-inherit elementor-cta--skin-classic elementor-animated-content elementor-widget elementor-widget-call-to-action\" data-id=\"b14f20a\" data-element_type=\"widget\" data-widget_type=\"call-to-action.default\">\n\t\t\t\t<div class=\"elementor-widget-container\">\n\t\t\t\t\t\t\t<div class=\"elementor-cta\">\n\t\t\t\t\t<div class=\"elementor-cta__bg-wrapper\">\n\t\t\t\t<div class=\"elementor-cta__bg elementor-bg\" style=\"background-image: url(https:\/\/tenszo.com\/es\/wp-content\/uploads\/sites\/2\/2025\/01\/Photo-3.png);\" role=\"img\" aria-label=\"Photo.png\"><\/div>\n\t\t\t\t<div class=\"elementor-cta__bg-overlay\"><\/div>\n\t\t\t<\/div>\n\t\t\t\t\t\t\t<div class=\"elementor-cta__content\">\n\t\t\t\t\n\t\t\t\t\t\t\t\t\t<h2 class=\"elementor-cta__title elementor-cta__content-item elementor-content-item\">\n\t\t\t\t\t\tHallie Buddendeck\t\t\t\t\t<\/h2>\n\t\t\t\t\n\t\t\t\t\t\t\t\t\t<div class=\"elementor-cta__description elementor-cta__content-item elementor-content-item\">\n\t\t\t\t\t\tConsultora Creativa\n<br>\n<a href=\"mailto:ha****@****zo.com\" data-original-string=\"2dPCg3yn3C6uqeP4bbFTiA==2a2CQjbBYsL663iJ3+uNbV6JPPdQ+QZWOifqQS+YlvL8fw=\" title=\"Este contacto ha sido codificado por Anti-Spam by CleanTalk. Haz clic para decodificar. Para finalizar la decodificaci\u00f3n, aseg\u00farate de que JavaScript est\u00e1 activado en tu navegador.\" style=\"color:#006994;\"><span \n                data-original-string=\"H7TjsP6MCqzfOR\/C2dw1XQ==2a2NnlpZCEXM7Q5nk1t3rKyquHYcb\/mX9uDJQ4r4wJF9eE=\"\n                class=\"apbct-email-encoder\"\n                title=\"Este contacto ha sido codificado por Anti-Spam by CleanTalk. Haz clic para decodificar. Para finalizar la decodificaci\u00f3n, aseg\u00farate de que JavaScript est\u00e1 activado en tu navegador.\">ha<span class=\"apbct-blur\">****<\/span>@<span class=\"apbct-blur\">****<\/span>zo.com<\/span><\/a>\n\t\t\t\t\t<\/div>\n\t\t\t\t\n\t\t\t\t\t\t\t<\/div>\n\t\t\t\t\t\t<\/div>\n\t\t\t\t\t\t<\/div>\n\t\t\t\t<\/div>\n\t\t\t\t<\/div>\n\t\t\t\t\t<\/div>\n\t\t\t\t<\/div>\n\t\t\t\t<\/div>\n\t\t","protected":false},"excerpt":{"rendered":"<p>Sobre nosotros La misi\u00f3n de Tenszo es ayudar a las personas a vivir la vida al m\u00e1ximo encontrando lo mejor de todo Hay tanto que disfrutar en la vida. Comparte tus diez mejores con el mundo, encuentra nuevas aventuras cerca de ti y comprueba cu\u00e1nto tienes en com\u00fan con otra persona. Celebra tus alegr\u00edas con [&hellip;]<\/p>\n","protected":false},"author":1,"featured_media":0,"parent":0,"menu_order":0,"comment_status":"closed","ping_status":"closed","template":"elementor_header_footer","meta":{"footnotes":""},"class_list":["post-717","page","type-page","status-publish","hentry"],"yoast_head":"<!-- This site is optimized with the Yoast SEO plugin v24.4 - https:\/\/yoast.com\/wordpress\/plugins\/seo\/ -->\n<title>Sobre Nosotros - Tenszo<\/title>\n<meta name=\"robots\" content=\"index, follow, max-snippet:-1, max-image-preview:large, max-video-preview:-1\" \/>\n<link rel=\"canonical\" href=\"https:\/\/tenszo.com\/es\/sobre-nosotros\/\" \/>\n<meta property=\"og:locale\" content=\"es_ES\" \/>\n<meta property=\"og:type\" content=\"article\" \/>\n<meta property=\"og:title\" content=\"Sobre Nosotros - Tenszo\" \/>\n<meta property=\"og:description\" content=\"Sobre nosotros La misi\u00f3n de Tenszo es ayudar a las personas a vivir la vida al m\u00e1ximo encontrando lo mejor de todo Hay tanto que disfrutar en la vida. Comparte tus diez mejores con el mundo, encuentra nuevas aventuras cerca de ti y comprueba cu\u00e1nto tienes en com\u00fan con otra persona. Celebra tus alegr\u00edas con [&hellip;]\" \/>\n<meta property=\"og:url\" content=\"https:\/\/tenszo.com\/es\/sobre-nosotros\/\" \/>\n<meta property=\"og:site_name\" content=\"Tenszo\" \/>\n<meta property=\"article:modified_time\" content=\"2025-02-18T20:59:37+00:00\" \/>\n<meta property=\"og:image\" content=\"https:\/\/tenszo.com\/wp-content\/uploads\/2025\/01\/21.jpg\" \/>\n<meta name=\"twitter:card\" content=\"summary_large_image\" \/>\n<meta name=\"twitter:label1\" content=\"Tiempo de lectura\" \/>\n\t<meta name=\"twitter:data1\" content=\"2 minutos\" \/>\n<script type=\"application\/ld+json\" class=\"yoast-schema-graph\">{\"@context\":\"https:\/\/schema.org\",\"@graph\":[{\"@type\":\"WebPage\",\"@id\":\"https:\/\/tenszo.com\/es\/sobre-nosotros\/\",\"url\":\"https:\/\/tenszo.com\/es\/sobre-nosotros\/\",\"name\":\"Sobre Nosotros - Tenszo\",\"isPartOf\":{\"@id\":\"https:\/\/tenszo.com\/es\/#website\"},\"primaryImageOfPage\":{\"@id\":\"https:\/\/tenszo.com\/es\/sobre-nosotros\/#primaryimage\"},\"image\":{\"@id\":\"https:\/\/tenszo.com\/es\/sobre-nosotros\/#primaryimage\"},\"thumbnailUrl\":\"https:\/\/tenszo.com\/wp-content\/uploads\/2025\/01\/21.jpg\",\"datePublished\":\"2025-01-12T21:00:20+00:00\",\"dateModified\":\"2025-02-18T20:59:37+00:00\",\"breadcrumb\":{\"@id\":\"https:\/\/tenszo.com\/es\/sobre-nosotros\/#breadcrumb\"},\"inLanguage\":\"es\",\"potentialAction\":[{\"@type\":\"ReadAction\",\"target\":[\"https:\/\/tenszo.com\/es\/sobre-nosotros\/\"]}]},{\"@type\":\"ImageObject\",\"inLanguage\":\"es\",\"@id\":\"https:\/\/tenszo.com\/es\/sobre-nosotros\/#primaryimage\",\"url\":\"https:\/\/tenszo.com\/wp-content\/uploads\/2025\/01\/21.jpg\",\"contentUrl\":\"https:\/\/tenszo.com\/wp-content\/uploads\/2025\/01\/21.jpg\"},{\"@type\":\"BreadcrumbList\",\"@id\":\"https:\/\/tenszo.com\/es\/sobre-nosotros\/#breadcrumb\",\"itemListElement\":[{\"@type\":\"ListItem\",\"position\":1,\"name\":\"Home\",\"item\":\"https:\/\/tenszo.com\/es\/\"},{\"@type\":\"ListItem\",\"position\":2,\"name\":\"Sobre Nosotros\"}]},{\"@type\":\"WebSite\",\"@id\":\"https:\/\/tenszo.com\/es\/#website\",\"url\":\"https:\/\/tenszo.com\/es\/\",\"name\":\"Tenszo\",\"description\":\"\",\"publisher\":{\"@id\":\"https:\/\/tenszo.com\/es\/#organization\"},\"potentialAction\":[{\"@type\":\"SearchAction\",\"target\":{\"@type\":\"EntryPoint\",\"urlTemplate\":\"https:\/\/tenszo.com\/es\/?s={search_term_string}\"},\"query-input\":{\"@type\":\"PropertyValueSpecification\",\"valueRequired\":true,\"valueName\":\"search_term_string\"}}],\"inLanguage\":\"es\"},{\"@type\":\"Organization\",\"@id\":\"https:\/\/tenszo.com\/es\/#organization\",\"name\":\"Tenszo\",\"url\":\"https:\/\/tenszo.com\/es\/\",\"logo\":{\"@type\":\"ImageObject\",\"inLanguage\":\"es\",\"@id\":\"https:\/\/tenszo.com\/es\/#\/schema\/logo\/image\/\",\"url\":\"https:\/\/tenszo.com\/es\/wp-content\/uploads\/sites\/2\/2025\/01\/Logo-3.png\",\"contentUrl\":\"https:\/\/tenszo.com\/es\/wp-content\/uploads\/sites\/2\/2025\/01\/Logo-3.png\",\"width\":507,\"height\":148,\"caption\":\"Tenszo\"},\"image\":{\"@id\":\"https:\/\/tenszo.com\/es\/#\/schema\/logo\/image\/\"}}]}<\/script>\n<!-- \/ Yoast SEO plugin. -->","yoast_head_json":{"title":"Sobre Nosotros - Tenszo","robots":{"index":"index","follow":"follow","max-snippet":"max-snippet:-1","max-image-preview":"max-image-preview:large","max-video-preview":"max-video-preview:-1"},"canonical":"https:\/\/tenszo.com\/es\/sobre-nosotros\/","og_locale":"es_ES","og_type":"article","og_title":"Sobre Nosotros - Tenszo","og_description":"Sobre nosotros La misi\u00f3n de Tenszo es ayudar a las personas a vivir la vida al m\u00e1ximo encontrando lo mejor de todo Hay tanto que disfrutar en la vida. Comparte tus diez mejores con el mundo, encuentra nuevas aventuras cerca de ti y comprueba cu\u00e1nto tienes en com\u00fan con otra persona. Celebra tus alegr\u00edas con [&hellip;]","og_url":"https:\/\/tenszo.com\/es\/sobre-nosotros\/","og_site_name":"Tenszo","article_modified_time":"2025-02-18T20:59:37+00:00","og_image":[{"url":"https:\/\/tenszo.com\/wp-content\/uploads\/2025\/01\/21.jpg","type":"","width":"","height":""}],"twitter_card":"summary_large_image","twitter_misc":{"Tiempo de lectura":"2 minutos"},"schema":{"@context":"https:\/\/schema.org","@graph":[{"@type":"WebPage","@id":"https:\/\/tenszo.com\/es\/sobre-nosotros\/","url":"https:\/\/tenszo.com\/es\/sobre-nosotros\/","name":"Sobre Nosotros - Tenszo","isPartOf":{"@id":"https:\/\/tenszo.com\/es\/#website"},"primaryImageOfPage":{"@id":"https:\/\/tenszo.com\/es\/sobre-nosotros\/#primaryimage"},"image":{"@id":"https:\/\/tenszo.com\/es\/sobre-nosotros\/#primaryimage"},"thumbnailUrl":"https:\/\/tenszo.com\/wp-content\/uploads\/2025\/01\/21.jpg","datePublished":"2025-01-12T21:00:20+00:00","dateModified":"2025-02-18T20:59:37+00:00","breadcrumb":{"@id":"https:\/\/tenszo.com\/es\/sobre-nosotros\/#breadcrumb"},"inLanguage":"es","potentialAction":[{"@type":"ReadAction","target":["https:\/\/tenszo.com\/es\/sobre-nosotros\/"]}]},{"@type":"ImageObject","inLanguage":"es","@id":"https:\/\/tenszo.com\/es\/sobre-nosotros\/#primaryimage","url":"https:\/\/tenszo.com\/wp-content\/uploads\/2025\/01\/21.jpg","contentUrl":"https:\/\/tenszo.com\/wp-content\/uploads\/2025\/01\/21.jpg"},{"@type":"BreadcrumbList","@id":"https:\/\/tenszo.com\/es\/sobre-nosotros\/#breadcrumb","itemListElement":[{"@type":"ListItem","position":1,"name":"Home","item":"https:\/\/tenszo.com\/es\/"},{"@type":"ListItem","position":2,"name":"Sobre Nosotros"}]},{"@type":"WebSite","@id":"https:\/\/tenszo.com\/es\/#website","url":"https:\/\/tenszo.com\/es\/","name":"Tenszo","description":"","publisher":{"@id":"https:\/\/tenszo.com\/es\/#organization"},"potentialAction":[{"@type":"SearchAction","target":{"@type":"EntryPoint","urlTemplate":"https:\/\/tenszo.com\/es\/?s={search_term_string}"},"query-input":{"@type":"PropertyValueSpecification","valueRequired":true,"valueName":"search_term_string"}}],"inLanguage":"es"},{"@type":"Organization","@id":"https:\/\/tenszo.com\/es\/#organization","name":"Tenszo","url":"https:\/\/tenszo.com\/es\/","logo":{"@type":"ImageObject","inLanguage":"es","@id":"https:\/\/tenszo.com\/es\/#\/schema\/logo\/image\/","url":"https:\/\/tenszo.com\/es\/wp-content\/uploads\/sites\/2\/2025\/01\/Logo-3.png","contentUrl":"https:\/\/tenszo.com\/es\/wp-content\/uploads\/sites\/2\/2025\/01\/Logo-3.png","width":507,"height":148,"caption":"Tenszo"},"image":{"@id":"https:\/\/tenszo.com\/es\/#\/schema\/logo\/image\/"}}]}},"_links":{"self":[{"href":"https:\/\/tenszo.com\/es\/wp-json\/wp\/v2\/pages\/717","targetHints":{"allow":["GET"]}}],"collection":[{"href":"https:\/\/tenszo.com\/es\/wp-json\/wp\/v2\/pages"}],"about":[{"href":"https:\/\/tenszo.com\/es\/wp-json\/wp\/v2\/types\/page"}],"author":[{"embeddable":true,"href":"https:\/\/tenszo.com\/es\/wp-json\/wp\/v2\/users\/1"}],"replies":[{"embeddable":true,"href":"https:\/\/tenszo.com\/es\/wp-json\/wp\/v2\/comments?post=717"}],"version-history":[{"count":53,"href":"https:\/\/tenszo.com\/es\/wp-json\/wp\/v2\/pages\/717\/revisions"}],"predecessor-version":[{"id":1743,"href":"https:\/\/tenszo.com\/es\/wp-json\/wp\/v2\/pages\/717\/revisions\/1743"}],"wp:attachment":[{"href":"https:\/\/tenszo.com\/es\/wp-json\/wp\/v2\/media?parent=717"}],"curies":[{"name":"wp","href":"https:\/\/api.w.org\/{rel}","templated":true}]}}